{"id":300,"date":"2025-02-25T02:32:03","date_gmt":"2025-02-25T02:32:03","guid":{"rendered":"https:\/\/tiendademascotasramos.com\/?post_type=product&#038;p=300"},"modified":"2025-02-25T02:44:48","modified_gmt":"2025-02-25T02:44:48","slug":"cartiplex-30-tabletas-condroprotector","status":"publish","type":"product","link":"https:\/\/tiendademascotasramos.com\/index.php\/producto\/cartiplex-30-tabletas-condroprotector\/","title":{"rendered":"Cartiplex 30 Tabletas (Condroprotector)"},"content":{"rendered":"<p data-sourcepos=\"18:1-18:10\"><strong>Dosis:<\/strong><\/p>\n<ul data-sourcepos=\"20:1-26:0\">\n<li data-sourcepos=\"20:1-23:49\">Caninos:\n<ul data-sourcepos=\"21:5-23:49\">\n<li data-sourcepos=\"21:5-21:47\">\u00bd tableta por cada 5 kg de peso corporal.<\/li>\n<li data-sourcepos=\"22:5-22:48\">1 tableta por cada 10 kg de peso corporal.<\/li>\n<li data-sourcepos=\"23:5-23:49\">2 tabletas por cada 20 kg de peso corporal.<\/li>\n<\/ul>\n<\/li>\n<li data-sourcepos=\"24:1-24:33\">Cada 24 horas, durante 30 d\u00edas.<\/li>\n<li data-sourcepos=\"25:1-26:0\">La dosis puede modificarse a criterio del M\u00e9dico Veterinario.<\/li>\n<\/ul>\n<p data-sourcepos=\"27:1-27:12\"><strong>F\u00f3rmula:<\/strong><\/p>\n<ul data-sourcepos=\"29:1-34:0\">\n<li data-sourcepos=\"29:1-34:0\">Cada tableta contiene:\n<ul data-sourcepos=\"30:5-34:0\">\n<li data-sourcepos=\"30:5-30:40\">Clorhidrato de glucosamina 500 mg.<\/li>\n<li data-sourcepos=\"31:5-31:36\">Sulfato de condroitina 200 mg.<\/li>\n<li data-sourcepos=\"32:5-32:41\">Metil sulfonil metano (MSM) 200 mg.<\/li>\n<li data-sourcepos=\"33:5-34:0\">Excipiente: \u00e1cido hialur\u00f3nico, col\u00e1geno hidrolizado, \u00e1cidos grasos omega 3 (EPA y DHA), vitaminas (A, D3, E, C, B1, B2, B6, B12, niacina, biotina, colina, \u00e1cido f\u00f3lico, \u00e1cido pantot\u00e9nico, K1), minerales (calcio, f\u00f3sforo, cobre, hierro, cloruro, magnesio, manganeso, selenio, zinc, yodo, sodio, potasio), saborizantes, cbp 1 tableta.<\/li>\n<\/ul>\n<\/li>\n<\/ul>\n","protected":false},"excerpt":{"rendered":"<ul>\n<li data-sourcepos=\"9:1-9:45\">Tabletas condroprotectoras y antioxidantes.<\/li>\n<li data-sourcepos=\"10:1-10:37\">Contiene condroitina y glucosamina.<\/li>\n<li data-sourcepos=\"11:1-11:90\">Suplemento nutricional para prevenir y tratar problemas degenerativos en articulaciones.<\/li>\n<li data-sourcepos=\"12:1-12:69\">Ayuda a disminuir la inflamaci\u00f3n y el dolor en artritis y artrosis.<\/li>\n<li data-sourcepos=\"13:1-13:77\">Efecto coadyuvante analg\u00e9sico gracias a \u00e1cidos grasos, MSM y antioxidantes.<\/li>\n<li data-sourcepos=\"14:1-14:70\">Recomendado para perros con desgaste f\u00edsico y problemas articulares.<\/li>\n<li data-sourcepos=\"15:1-15:30\">V\u00eda de administraci\u00f3n: Oral.<\/li>\n<li data-sourcepos=\"16:1-17:0\">Presentaci\u00f3n: Envase con 30 tabletas.<\/li>\n<\/ul>\n","protected":false},"featured_media":299,"comment_status":"open","ping_status":"closed","template":"","meta":{"_surecart_dashboard_logo_width":"180px","_surecart_dashboard_show_logo":true,"_surecart_dashboard_navigation_orders":true,"_surecart_dashboard_navigation_invoices":true,"_surecart_dashboard_navigation_subscriptions":true,"_surecart_dashboard_navigation_downloads":true,"_surecart_dashboard_navigation_billing":true,"_surecart_dashboard_navigation_account":true,"_uag_custom_page_level_css":""},"product_brand":[],"product_cat":[29,30],"product_tag":[],"class_list":{"0":"post-300","1":"product","2":"type-product","3":"status-publish","4":"has-post-thumbnail","6":"product_cat-otros","7":"product_cat-farmacia-veterinaria","9":"first","10":"instock","11":"taxable","12":"shipping-taxable","13":"purchasable","14":"product-type-simple"},"uagb_featured_image_src":{"full":["https:\/\/tiendademascotasramos.com\/wp-content\/uploads\/2025\/02\/36.jpg",750,654,false],"thumbnail":["https:\/\/tiendademascotasramos.com\/wp-content\/uploads\/2025\/02\/36-150x150.jpg",150,150,true],"medium":["https:\/\/tiendademascotasramos.com\/wp-content\/uploads\/2025\/02\/36-300x262.jpg",300,262,true],"medium_large":["https:\/\/tiendademascotasramos.com\/wp-content\/uploads\/2025\/02\/36.jpg",750,654,false],"large":["https:\/\/tiendademascotasramos.com\/wp-content\/uploads\/2025\/02\/36.jpg",750,654,false],"1536x1536":["https:\/\/tiendademascotasramos.com\/wp-content\/uploads\/2025\/02\/36.jpg",750,654,false],"2048x2048":["https:\/\/tiendademascotasramos.com\/wp-content\/uploads\/2025\/02\/36.jpg",750,654,false],"woocommerce_thumbnail":["https:\/\/tiendademascotasramos.com\/wp-content\/uploads\/2025\/02\/36-300x300.jpg",300,300,true],"woocommerce_single":["https:\/\/tiendademascotasramos.com\/wp-content\/uploads\/2025\/02\/36-600x523.jpg",600,523,true],"woocommerce_gallery_thumbnail":["https:\/\/tiendademascotasramos.com\/wp-content\/uploads\/2025\/02\/36-100x100.jpg",100,100,true],"dgwt-wcas-product-suggestion":["https:\/\/tiendademascotasramos.com\/wp-content\/uploads\/2025\/02\/36-64x56.jpg",64,56,true]},"uagb_author_info":{"display_name":"Gerson Minor","author_link":"https:\/\/tiendademascotasramos.com\/index.php\/author\/"},"uagb_comment_info":0,"uagb_excerpt":"Tabletas condroprotectoras y antioxidantes. Contiene condroitina y glucosamina. Suplemento nutricional para prevenir y tratar problemas degenerativos en articulaciones. Ayuda a disminuir la inflamaci\u00f3n y el dolor en artritis y artrosis. Efecto coadyuvante analg\u00e9sico gracias a \u00e1cidos grasos, MSM y antioxidantes. Recomendado para perros con desgaste f\u00edsico y problemas articulares. V\u00eda de administraci\u00f3n: Oral. Presentaci\u00f3n: Envase&hellip;","_links":{"self":[{"href":"https:\/\/tiendademascotasramos.com\/index.php\/wp-json\/wp\/v2\/product\/300","targetHints":{"allow":["GET"]}}],"collection":[{"href":"https:\/\/tiendademascotasramos.com\/index.php\/wp-json\/wp\/v2\/product"}],"about":[{"href":"https:\/\/tiendademascotasramos.com\/index.php\/wp-json\/wp\/v2\/types\/product"}],"replies":[{"embeddable":true,"href":"https:\/\/tiendademascotasramos.com\/index.php\/wp-json\/wp\/v2\/comments?post=300"}],"wp:featuredmedia":[{"embeddable":true,"href":"https:\/\/tiendademascotasramos.com\/index.php\/wp-json\/wp\/v2\/media\/299"}],"wp:attachment":[{"href":"https:\/\/tiendademascotasramos.com\/index.php\/wp-json\/wp\/v2\/media?parent=300"}],"wp:term":[{"taxonomy":"product_brand","embeddable":true,"href":"https:\/\/tiendademascotasramos.com\/index.php\/wp-json\/wp\/v2\/product_brand?post=300"},{"taxonomy":"product_cat","embeddable":true,"href":"https:\/\/tiendademascotasramos.com\/index.php\/wp-json\/wp\/v2\/product_cat?post=300"},{"taxonomy":"product_tag","embeddable":true,"href":"https:\/\/tiendademascotasramos.com\/index.php\/wp-json\/wp\/v2\/product_tag?post=300"}],"curies":[{"name":"wp","href":"https:\/\/api.w.org\/{rel}","templated":true}]}}