{"id":297,"date":"2025-02-25T02:30:51","date_gmt":"2025-02-25T02:30:51","guid":{"rendered":"https:\/\/tiendademascotasramos.com\/?post_type=product&#038;p=297"},"modified":"2025-02-25T02:30:51","modified_gmt":"2025-02-25T02:30:51","slug":"flaxol-pets-suspension-oral-30ml","status":"publish","type":"product","link":"https:\/\/tiendademascotasramos.com\/index.php\/producto\/flaxol-pets-suspension-oral-30ml\/","title":{"rendered":"Flaxol Pet&#8217;s Suspensi\u00f3n Oral 30ml"},"content":{"rendered":"<p data-sourcepos=\"16:1-16:12\"><strong>F\u00f3rmula:<\/strong><\/p>\n<ul data-sourcepos=\"18:1-20:0\">\n<li data-sourcepos=\"18:1-18:20\">Meloxicam: 2.0 mg.<\/li>\n<li data-sourcepos=\"19:1-20:0\">Veh\u00edculo c.b.p.: 1 mL.<\/li>\n<\/ul>\n<p data-sourcepos=\"21:1-21:10\"><strong>Dosis:<\/strong><\/p>\n<ul data-sourcepos=\"23:1-25:0\">\n<li data-sourcepos=\"23:1-23:60\">Primer d\u00eda: 0.5 mL por cada 5 kg de peso vivo (0.2 mg\/kg).<\/li>\n<li data-sourcepos=\"24:1-25:0\">Tratamiento continuo: 1 mL por cada 10 kg de peso (0.2 mg\/kg) cada 24 horas.<\/li>\n<\/ul>\n<p data-sourcepos=\"26:1-26:17\"><strong>Advertencias:<\/strong><\/p>\n<ul data-sourcepos=\"28:1-33:0\">\n<li data-sourcepos=\"28:1-28:46\">No usar en animales con problemas hep\u00e1ticos.<\/li>\n<li data-sourcepos=\"29:1-29:35\">Puede causar irritaci\u00f3n g\u00e1strica.<\/li>\n<li data-sourcepos=\"30:1-30:46\">Proteger de la luz y mantener en lugar seco.<\/li>\n<li data-sourcepos=\"31:1-31:42\">Mantener fuera del alcance de los ni\u00f1os.<\/li>\n<li data-sourcepos=\"32:1-33:0\">Uso exclusivo en Medicina Veterinaria.<\/li>\n<\/ul>\n","protected":false},"excerpt":{"rendered":"<ul>\n<li data-sourcepos=\"9:1-9:18\">Suspensi\u00f3n oral.<\/li>\n<li data-sourcepos=\"10:1-10:51\">Antiinflamatorio no esteroidal selectivo a COX-2.<\/li>\n<li data-sourcepos=\"11:1-11:80\">\u00datil para procesos inflamatorios de v\u00edas respiratorias, otitis y traumatismos.<\/li>\n<li data-sourcepos=\"12:1-12:94\">Efectivo en artritis, distensiones musculares e infecciones con inflamaci\u00f3n, dolor o fiebre.<\/li>\n<li data-sourcepos=\"13:1-13:28\">Uso en: Caninos y Felinos.<\/li>\n<li data-sourcepos=\"14:1-15:0\">V\u00eda de administraci\u00f3n: Oral.<\/li>\n<\/ul>\n","protected":false},"featured_media":298,"comment_status":"open","ping_status":"closed","template":"","meta":{"_surecart_dashboard_logo_width":"180px","_surecart_dashboard_show_logo":true,"_surecart_dashboard_navigation_orders":true,"_surecart_dashboard_navigation_invoices":true,"_surecart_dashboard_navigation_subscriptions":true,"_surecart_dashboard_navigation_downloads":true,"_surecart_dashboard_navigation_billing":true,"_surecart_dashboard_navigation_account":true,"_uag_custom_page_level_css":""},"product_brand":[],"product_cat":[29,30],"product_tag":[],"class_list":{"0":"post-297","1":"product","2":"type-product","3":"status-publish","4":"has-post-thumbnail","6":"product_cat-otros","7":"product_cat-farmacia-veterinaria","9":"first","10":"instock","11":"taxable","12":"shipping-taxable","13":"purchasable","14":"product-type-simple"},"uagb_featured_image_src":{"full":["https:\/\/tiendademascotasramos.com\/wp-content\/uploads\/2025\/02\/35.webp",1024,1024,false],"thumbnail":["https:\/\/tiendademascotasramos.com\/wp-content\/uploads\/2025\/02\/35-150x150.webp",150,150,true],"medium":["https:\/\/tiendademascotasramos.com\/wp-content\/uploads\/2025\/02\/35-300x300.webp",300,300,true],"medium_large":["https:\/\/tiendademascotasramos.com\/wp-content\/uploads\/2025\/02\/35-768x768.webp",768,768,true],"large":["https:\/\/tiendademascotasramos.com\/wp-content\/uploads\/2025\/02\/35.webp",1024,1024,false],"1536x1536":["https:\/\/tiendademascotasramos.com\/wp-content\/uploads\/2025\/02\/35.webp",1024,1024,false],"2048x2048":["https:\/\/tiendademascotasramos.com\/wp-content\/uploads\/2025\/02\/35.webp",1024,1024,false],"woocommerce_thumbnail":["https:\/\/tiendademascotasramos.com\/wp-content\/uploads\/2025\/02\/35-300x300.webp",300,300,true],"woocommerce_single":["https:\/\/tiendademascotasramos.com\/wp-content\/uploads\/2025\/02\/35-600x600.webp",600,600,true],"woocommerce_gallery_thumbnail":["https:\/\/tiendademascotasramos.com\/wp-content\/uploads\/2025\/02\/35-100x100.webp",100,100,true],"dgwt-wcas-product-suggestion":["https:\/\/tiendademascotasramos.com\/wp-content\/uploads\/2025\/02\/35-64x64.webp",64,64,true]},"uagb_author_info":{"display_name":"Gerson Minor","author_link":"https:\/\/tiendademascotasramos.com\/index.php\/author\/"},"uagb_comment_info":0,"uagb_excerpt":"Suspensi\u00f3n oral. Antiinflamatorio no esteroidal selectivo a COX-2. \u00datil para procesos inflamatorios de v\u00edas respiratorias, otitis y traumatismos. Efectivo en artritis, distensiones musculares e infecciones con inflamaci\u00f3n, dolor o fiebre. Uso en: Caninos y Felinos. V\u00eda de administraci\u00f3n: Oral.","_links":{"self":[{"href":"https:\/\/tiendademascotasramos.com\/index.php\/wp-json\/wp\/v2\/product\/297","targetHints":{"allow":["GET"]}}],"collection":[{"href":"https:\/\/tiendademascotasramos.com\/index.php\/wp-json\/wp\/v2\/product"}],"about":[{"href":"https:\/\/tiendademascotasramos.com\/index.php\/wp-json\/wp\/v2\/types\/product"}],"replies":[{"embeddable":true,"href":"https:\/\/tiendademascotasramos.com\/index.php\/wp-json\/wp\/v2\/comments?post=297"}],"wp:featuredmedia":[{"embeddable":true,"href":"https:\/\/tiendademascotasramos.com\/index.php\/wp-json\/wp\/v2\/media\/298"}],"wp:attachment":[{"href":"https:\/\/tiendademascotasramos.com\/index.php\/wp-json\/wp\/v2\/media?parent=297"}],"wp:term":[{"taxonomy":"product_brand","embeddable":true,"href":"https:\/\/tiendademascotasramos.com\/index.php\/wp-json\/wp\/v2\/product_brand?post=297"},{"taxonomy":"product_cat","embeddable":true,"href":"https:\/\/tiendademascotasramos.com\/index.php\/wp-json\/wp\/v2\/product_cat?post=297"},{"taxonomy":"product_tag","embeddable":true,"href":"https:\/\/tiendademascotasramos.com\/index.php\/wp-json\/wp\/v2\/product_tag?post=297"}],"curies":[{"name":"wp","href":"https:\/\/api.w.org\/{rel}","templated":true}]}}