{"id":258,"date":"2025-02-25T01:31:59","date_gmt":"2025-02-25T01:31:59","guid":{"rendered":"https:\/\/tiendademascotasramos.com\/?post_type=product&#038;p=258"},"modified":"2025-02-26T21:20:50","modified_gmt":"2025-02-26T21:20:50","slug":"alimento-para-perro-nupec-senior-raza-pequena","status":"publish","type":"product","link":"https:\/\/tiendademascotasramos.com\/index.php\/producto\/alimento-para-perro-nupec-senior-raza-pequena\/","title":{"rendered":"Alimento para perro NUPEC SENIOR RAZA PEQUE\u00d1A"},"content":{"rendered":"<p data-sourcepos=\"14:1-14:29\">\n<ul data-sourcepos=\"16:1-18:0\">\n<li data-sourcepos=\"16:1-16:15\"><\/li>\n<li data-sourcepos=\"17:1-18:0\"><\/li>\n<\/ul>\n<p data-sourcepos=\"19:1-19:49\"><strong>Caracter\u00edsticas destacadas de la descripci\u00f3n:<\/strong><\/p>\n<ul data-sourcepos=\"21:1-35:0\">\n<li data-sourcepos=\"21:1-23:43\"><strong>Alta digestibilidad:<\/strong>\n<ul data-sourcepos=\"22:5-23:43\">\n<li data-sourcepos=\"22:5-22:35\">Balance nutricional completo.<\/li>\n<li data-sourcepos=\"23:5-23:43\">M\u00e1ximo aprovechamiento de nutrientes.<\/li>\n<\/ul>\n<\/li>\n<li data-sourcepos=\"24:1-25:41\"><strong>Zinc:<\/strong>\n<ul data-sourcepos=\"25:5-25:41\">\n<li data-sourcepos=\"25:5-25:41\">Apoyo al sistema inmune del canino.<\/li>\n<\/ul>\n<\/li>\n<li data-sourcepos=\"26:1-28:30\"><strong>Palatabilidad:<\/strong>\n<ul data-sourcepos=\"27:5-28:30\">\n<li data-sourcepos=\"27:5-27:36\">Sabor, aroma y textura \u00fanicos.<\/li>\n<li data-sourcepos=\"28:5-28:30\">Croquetas irresistibles.<\/li>\n<\/ul>\n<\/li>\n<li data-sourcepos=\"29:1-31:30\"><strong>Conservadores naturales:<\/strong>\n<ul data-sourcepos=\"30:5-31:30\">\n<li data-sourcepos=\"30:5-30:27\">Frescura garantizada.<\/li>\n<li data-sourcepos=\"31:5-31:30\">Protecci\u00f3n antioxidante.<\/li>\n<\/ul>\n<\/li>\n<li data-sourcepos=\"32:1-35:0\"><strong>Prote\u00edna de alta calidad:<\/strong>\n<ul data-sourcepos=\"33:5-35:0\">\n<li data-sourcepos=\"33:5-33:46\">Carne fresca en el proceso de extrusi\u00f3n.<\/li>\n<li data-sourcepos=\"34:5-35:0\">M\u00e1s del 90% de digestibilidad.<\/li>\n<\/ul>\n<\/li>\n<\/ul>\n","protected":false},"excerpt":{"rendered":"<p>Caracter\u00edsticas destacadas de la descripci\u00f3n: Alta digestibilidad: Balance nutricional completo. M\u00e1ximo aprovechamiento de nutrientes. Zinc: Apoyo al sistema inmune del canino. Palatabilidad: Sabor, aroma y textura \u00fanicos. Croquetas irresistibles. Conservadores naturales: Frescura garantizada. Protecci\u00f3n antioxidante. Prote\u00edna de alta calidad: Carne fresca en el proceso de extrusi\u00f3n. M\u00e1s del 90% de digestibilidad.<\/p>\n","protected":false},"featured_media":256,"comment_status":"open","ping_status":"closed","template":"","meta":{"_surecart_dashboard_logo_width":"180px","_surecart_dashboard_show_logo":true,"_surecart_dashboard_navigation_orders":true,"_surecart_dashboard_navigation_invoices":true,"_surecart_dashboard_navigation_subscriptions":true,"_surecart_dashboard_navigation_downloads":true,"_surecart_dashboard_navigation_billing":true,"_surecart_dashboard_navigation_account":true,"_uag_custom_page_level_css":""},"product_brand":[],"product_cat":[19,21],"product_tag":[],"class_list":{"0":"post-258","1":"product","2":"type-product","3":"status-publish","4":"has-post-thumbnail","6":"product_cat-perros-gatos","7":"product_cat-alimentos","8":"pa_peso-2kg","9":"pa_peso-8kg","11":"first","12":"instock","13":"taxable","14":"shipping-taxable","15":"purchasable","16":"product-type-variable"},"uagb_featured_image_src":{"full":["https:\/\/tiendademascotasramos.com\/wp-content\/uploads\/2025\/02\/10.jpg",1080,875,false],"thumbnail":["https:\/\/tiendademascotasramos.com\/wp-content\/uploads\/2025\/02\/10-150x150.jpg",150,150,true],"medium":["https:\/\/tiendademascotasramos.com\/wp-content\/uploads\/2025\/02\/10-300x243.jpg",300,243,true],"medium_large":["https:\/\/tiendademascotasramos.com\/wp-content\/uploads\/2025\/02\/10-768x622.jpg",768,622,true],"large":["https:\/\/tiendademascotasramos.com\/wp-content\/uploads\/2025\/02\/10-1024x830.jpg",1024,830,true],"1536x1536":["https:\/\/tiendademascotasramos.com\/wp-content\/uploads\/2025\/02\/10.jpg",1080,875,false],"2048x2048":["https:\/\/tiendademascotasramos.com\/wp-content\/uploads\/2025\/02\/10.jpg",1080,875,false],"woocommerce_thumbnail":["https:\/\/tiendademascotasramos.com\/wp-content\/uploads\/2025\/02\/10-300x300.jpg",300,300,true],"woocommerce_single":["https:\/\/tiendademascotasramos.com\/wp-content\/uploads\/2025\/02\/10-600x486.jpg",600,486,true],"woocommerce_gallery_thumbnail":["https:\/\/tiendademascotasramos.com\/wp-content\/uploads\/2025\/02\/10-100x100.jpg",100,100,true],"dgwt-wcas-product-suggestion":["https:\/\/tiendademascotasramos.com\/wp-content\/uploads\/2025\/02\/10-64x52.jpg",64,52,true]},"uagb_author_info":{"display_name":"Gerson Minor","author_link":"https:\/\/tiendademascotasramos.com\/index.php\/author\/"},"uagb_comment_info":0,"uagb_excerpt":"Caracter\u00edsticas destacadas de la descripci\u00f3n: Alta digestibilidad: Balance nutricional completo. M\u00e1ximo aprovechamiento de nutrientes. Zinc: Apoyo al sistema inmune del canino. Palatabilidad: Sabor, aroma y textura \u00fanicos. Croquetas irresistibles. Conservadores naturales: Frescura garantizada. Protecci\u00f3n antioxidante. Prote\u00edna de alta calidad: Carne fresca en el proceso de extrusi\u00f3n. M\u00e1s del 90% de digestibilidad.","_links":{"self":[{"href":"https:\/\/tiendademascotasramos.com\/index.php\/wp-json\/wp\/v2\/product\/258","targetHints":{"allow":["GET"]}}],"collection":[{"href":"https:\/\/tiendademascotasramos.com\/index.php\/wp-json\/wp\/v2\/product"}],"about":[{"href":"https:\/\/tiendademascotasramos.com\/index.php\/wp-json\/wp\/v2\/types\/product"}],"replies":[{"embeddable":true,"href":"https:\/\/tiendademascotasramos.com\/index.php\/wp-json\/wp\/v2\/comments?post=258"}],"wp:featuredmedia":[{"embeddable":true,"href":"https:\/\/tiendademascotasramos.com\/index.php\/wp-json\/wp\/v2\/media\/256"}],"wp:attachment":[{"href":"https:\/\/tiendademascotasramos.com\/index.php\/wp-json\/wp\/v2\/media?parent=258"}],"wp:term":[{"taxonomy":"product_brand","embeddable":true,"href":"https:\/\/tiendademascotasramos.com\/index.php\/wp-json\/wp\/v2\/product_brand?post=258"},{"taxonomy":"product_cat","embeddable":true,"href":"https:\/\/tiendademascotasramos.com\/index.php\/wp-json\/wp\/v2\/product_cat?post=258"},{"taxonomy":"product_tag","embeddable":true,"href":"https:\/\/tiendademascotasramos.com\/index.php\/wp-json\/wp\/v2\/product_tag?post=258"}],"curies":[{"name":"wp","href":"https:\/\/api.w.org\/{rel}","templated":true}]}}